{"id":364,"date":"2022-07-15T21:57:26","date_gmt":"2022-07-15T21:57:26","guid":{"rendered":"https:\/\/mondi.freevision.me\/agency\/?page_id=364"},"modified":"2022-07-15T21:57:26","modified_gmt":"2022-07-15T21:57:26","slug":"contact-us","status":"publish","type":"page","link":"https:\/\/luxed.freevision.me\/agency\/contact-us\/","title":{"rendered":"Contact us"},"content":{"rendered":"\t\t<div data-elementor-type=\"wp-page\" data-elementor-id=\"364\" class=\"elementor elementor-364\">\n\t\t\t\t\t\t<section class=\"elementor-section elementor-top-section elementor-element elementor-element-21387ed elementor-section-boxed elementor-section-height-default elementor-section-height-default no no\" data-id=\"21387ed\" data-element_type=\"section\" data-settings=\"{&quot;background_background&quot;:&quot;classic&quot;}\">\n\t\t\t\t\t\t<div class=\"elementor-container elementor-column-gap-default\">\n\t\t\t\t\t<div class=\"elementor-column elementor-col-100 elementor-top-column elementor-element elementor-element-9bb29f0\" data-id=\"9bb29f0\" data-element_type=\"column\">\n\t\t\t<div class=\"elementor-widget-wrap elementor-element-populated\">\n\t\t\t\t\t\t<div class=\"elementor-element elementor-element-4b1e4d5 elementor-invisible elementor-widget elementor-widget-tp-heading-animation\" data-id=\"4b1e4d5\" data-element_type=\"widget\" data-settings=\"{&quot;_animation&quot;:&quot;fadeIn&quot;,&quot;_animation_delay&quot;:150}\" data-widget_type=\"tp-heading-animation.default\">\n\t\t\t\t<div class=\"elementor-widget-container\">\n\t\t\t<style>.heading-animation69e60dc249f0b .pt-plus-cd-headline.loading-bar .cd-words-wrapper::after{background-color: #000000;}<\/style><div class=\"pt-plus-heading-animation heading-animation head-anim-style-4  heading-animation69e60dc249f0b\"  ><h1 class=\"pt-plus-cd-headline loading-bar \" ><span class=\"cd-words-wrapper\"> <b class=\"is-visible \">Hello.<\/b> <b>Ola.<\/b> <b>Hola.<\/b> <b>N\u01d0 h\u01ceo.<\/b> <b>Bonjour.<\/b> <b>Hall\u00e5.<\/b> <b>Ciao.<\/b> <b>Cze\u015b\u0107.<\/b><\/span><span > .<\/span><\/h1><\/div>\t\t<\/div>\n\t\t\t\t<\/div>\n\t\t\t\t<div class=\"elementor-element elementor-element-2f5f127 elementor-invisible elementor-widget elementor-widget-heading\" data-id=\"2f5f127\" data-element_type=\"widget\" data-settings=\"{&quot;_animation&quot;:&quot;fadeIn&quot;,&quot;_animation_delay&quot;:250}\" data-widget_type=\"heading.default\">\n\t\t\t\t<div class=\"elementor-widget-container\">\n\t\t\t<h2 class=\"elementor-heading-title elementor-size-default\">To ask a question, or just say \"hello\", contact us in any convenient way.<\/h2>\t\t<\/div>\n\t\t\t\t<\/div>\n\t\t\t\t\t<\/div>\n\t\t<\/div>\n\t\t\t\t\t<\/div>\n\t\t<\/section>\n\t\t\t\t<section class=\"elementor-section elementor-top-section elementor-element elementor-element-34a9e99 elementor-section-boxed elementor-section-height-default elementor-section-height-default no no no\" data-id=\"34a9e99\" data-element_type=\"section\">\n\t\t\t\t\t\t<div class=\"elementor-container elementor-column-gap-default\">\n\t\t\t\t\t<div class=\"elementor-column elementor-col-66 elementor-top-column elementor-element elementor-element-ef5a5dc\" data-id=\"ef5a5dc\" data-element_type=\"column\">\n\t\t\t<div class=\"elementor-widget-wrap elementor-element-populated\">\n\t\t\t\t\t\t<div class=\"elementor-element elementor-element-5151a81 elementor-widget elementor-widget-text-editor\" data-id=\"5151a81\" data-element_type=\"widget\" data-widget_type=\"text-editor.default\">\n\t\t\t\t<div class=\"elementor-widget-container\">\n\t\t\t\t\t\t\t\n<div class=\"wpcf7 no-js\" id=\"wpcf7-f399-o1\" lang=\"en-US\" dir=\"ltr\" data-wpcf7-id=\"399\">\n<div class=\"screen-reader-response\"><p role=\"status\" aria-live=\"polite\" aria-atomic=\"true\"><\/p> <ul><\/ul><\/div>\n<form action=\"\/agency\/wp-json\/wp\/v2\/pages\/364#wpcf7-f399-o1\" method=\"post\" class=\"wpcf7-form init\" aria-label=\"Contact form\" novalidate=\"novalidate\" data-status=\"init\">\n<div style=\"display: none;\">\n<input type=\"hidden\" name=\"_wpcf7\" value=\"399\" \/>\n<input type=\"hidden\" name=\"_wpcf7_version\" value=\"6.0.6\" \/>\n<input type=\"hidden\" name=\"_wpcf7_locale\" value=\"en_US\" \/>\n<input type=\"hidden\" name=\"_wpcf7_unit_tag\" value=\"wpcf7-f399-o1\" \/>\n<input type=\"hidden\" name=\"_wpcf7_container_post\" value=\"0\" \/>\n<input type=\"hidden\" name=\"_wpcf7_posted_data_hash\" value=\"\" \/>\n<\/div>\n<p class=\"luxed-full\"><span class=\"wpcf7-form-control-wrap\" data-name=\"menu-610\"><select class=\"wpcf7-form-control wpcf7-select wpcf7-validates-as-required\" aria-required=\"true\" aria-invalid=\"false\" name=\"menu-610\"><option value=\"Enquiry\">Enquiry<\/option><option value=\"Feedback\">Feedback<\/option><\/select><\/span>\n<\/p>\n<p class=\"luxed-one-half\"><span class=\"wpcf7-form-control-wrap\" data-name=\"your-name\"><input size=\"40\" maxlength=\"400\" class=\"wpcf7-form-control wpcf7-text wpcf7-validates-as-required\" aria-required=\"true\" aria-invalid=\"false\" placeholder=\"Name (required)\" value=\"\" type=\"text\" name=\"your-name\" \/><\/span>\n<\/p>\n<p class=\"luxed-one-half mondi-last\"><span class=\"wpcf7-form-control-wrap\" data-name=\"last-name\"><input size=\"40\" maxlength=\"400\" class=\"wpcf7-form-control wpcf7-text wpcf7-validates-as-required\" aria-required=\"true\" aria-invalid=\"false\" placeholder=\"Last Name (required)\" value=\"\" type=\"text\" name=\"last-name\" \/><\/span>\n<\/p>\n<p class=\"luxed-one-half\"><span class=\"wpcf7-form-control-wrap\" data-name=\"your-phone\"><input size=\"40\" maxlength=\"400\" class=\"wpcf7-form-control wpcf7-text wpcf7-validates-as-required\" aria-required=\"true\" aria-invalid=\"false\" placeholder=\"Phone (required)\" value=\"\" type=\"text\" name=\"your-phone\" \/><\/span>\n<\/p>\n<p class=\"luxed-one-half mondi-last\"><span class=\"wpcf7-form-control-wrap\" data-name=\"your-email\"><input size=\"40\" maxlength=\"400\" class=\"wpcf7-form-control wpcf7-email wpcf7-validates-as-required wpcf7-text wpcf7-validates-as-email\" aria-required=\"true\" aria-invalid=\"false\" placeholder=\"Email (required)\" value=\"\" type=\"email\" name=\"your-email\" \/><\/span>\n<\/p>\n<p><span class=\"wpcf7-form-control-wrap\" data-name=\"your-message\"><textarea cols=\"40\" rows=\"3\" maxlength=\"2000\" class=\"wpcf7-form-control wpcf7-textarea\" aria-invalid=\"false\" placeholder=\"Question\/Comments\" name=\"your-message\"><\/textarea><\/span>\n<\/p>\n<p><span class=\"wpcf7-form-control-wrap\" data-name=\"gdpr\"><span class=\"wpcf7-form-control wpcf7-acceptance\"><span class=\"wpcf7-list-item\"><label><input type=\"checkbox\" name=\"gdpr\" value=\"1\" id=\"gdpr\" aria-invalid=\"false\" \/><span class=\"wpcf7-list-item-label\">I accept receipt of commercial information including via email.<\/span><\/label><\/span><\/span><\/span>\n<\/p>\n<p><span class=\"wpcf7-form-control-wrap\" data-name=\"gdpr\"><span class=\"wpcf7-form-control wpcf7-acceptance\"><span class=\"wpcf7-list-item\"><label><input type=\"checkbox\" name=\"gdpr\" value=\"1\" aria-invalid=\"false\" \/><span class=\"wpcf7-list-item-label\">I accept the Privacy Policy.<\/span><\/label><\/span><\/span><\/span>\n<\/p>\n<p><input class=\"wpcf7-form-control wpcf7-submit has-spinner\" type=\"submit\" value=\"Send Message\" \/>\n<\/p><div class=\"wpcf7-response-output\" aria-hidden=\"true\"><\/div>\n<\/form>\n<\/div>\n\t\t\t\t\t\t<\/div>\n\t\t\t\t<\/div>\n\t\t\t\t\t<\/div>\n\t\t<\/div>\n\t\t\t\t<div class=\"elementor-column elementor-col-33 elementor-top-column elementor-element elementor-element-d42956b\" data-id=\"d42956b\" data-element_type=\"column\">\n\t\t\t<div class=\"elementor-widget-wrap elementor-element-populated\">\n\t\t\t\t\t\t<div class=\"elementor-element elementor-element-10c4602 elementor-widget elementor-widget-text-editor\" data-id=\"10c4602\" data-element_type=\"widget\" data-widget_type=\"text-editor.default\">\n\t\t\t\t<div class=\"elementor-widget-container\">\n\t\t\t\t\t\t\t<p>Avenue Reine Astrid 16<br \/>5000 Namur (Belgique)<br \/>+32 (0) \u202d123 45 67 89<br \/>hello@yourdomain.com<\/p>\t\t\t\t\t\t<\/div>\n\t\t\t\t<\/div>\n\t\t\t\t\t<\/div>\n\t\t<\/div>\n\t\t\t\t\t<\/div>\n\t\t<\/section>\n\t\t\t\t<\/div>\n\t\t","protected":false},"excerpt":{"rendered":"<p>Hello. Ola. Hola. N\u01d0 h\u01ceo. Bonjour. Hall\u00e5. Ciao. Cze\u015b\u0107. . To ask a question, or just say &#8220;hello&#8221;, contact us in any convenient way. Avenue [&hellip;]<\/p>\n","protected":false},"author":1,"featured_media":0,"parent":0,"menu_order":0,"comment_status":"closed","ping_status":"closed","template":"","meta":{"footnotes":""},"class_list":["post-364","page","type-page","status-publish","hentry","luxed-post"],"yoast_head":"<!-- This site is optimized with the Yoast SEO plugin v25.0 - https:\/\/yoast.com\/wordpress\/plugins\/seo\/ -->\n<title>Contact us - Agency<\/title>\n<meta name=\"robots\" content=\"index, follow, max-snippet:-1, max-image-preview:large, max-video-preview:-1\" \/>\n<link rel=\"canonical\" href=\"https:\/\/luxed.freevision.me\/agency\/contact-us\/\" \/>\n<meta property=\"og:locale\" content=\"en_US\" \/>\n<meta property=\"og:type\" content=\"article\" \/>\n<meta property=\"og:title\" content=\"Contact us - Agency\" \/>\n<meta property=\"og:description\" content=\"Hello. Ola. Hola. N\u01d0 h\u01ceo. Bonjour. Hall\u00e5. Ciao. Cze\u015b\u0107. . To ask a question, or just say &#8220;hello&#8221;, contact us in any convenient way. Avenue [&hellip;]\" \/>\n<meta property=\"og:url\" content=\"https:\/\/luxed.freevision.me\/agency\/contact-us\/\" \/>\n<meta property=\"og:site_name\" content=\"Agency\" \/>\n<meta name=\"twitter:card\" content=\"summary_large_image\" \/>\n<script type=\"application\/ld+json\" class=\"yoast-schema-graph\">{\"@context\":\"https:\/\/schema.org\",\"@graph\":[{\"@type\":\"WebPage\",\"@id\":\"https:\/\/luxed.freevision.me\/agency\/contact-us\/\",\"url\":\"https:\/\/luxed.freevision.me\/agency\/contact-us\/\",\"name\":\"Contact us - Agency\",\"isPartOf\":{\"@id\":\"https:\/\/luxed.freevision.me\/agency\/#website\"},\"datePublished\":\"2022-07-15T21:57:26+00:00\",\"breadcrumb\":{\"@id\":\"https:\/\/luxed.freevision.me\/agency\/contact-us\/#breadcrumb\"},\"inLanguage\":\"en-US\",\"potentialAction\":[{\"@type\":\"ReadAction\",\"target\":[\"https:\/\/luxed.freevision.me\/agency\/contact-us\/\"]}]},{\"@type\":\"BreadcrumbList\",\"@id\":\"https:\/\/luxed.freevision.me\/agency\/contact-us\/#breadcrumb\",\"itemListElement\":[{\"@type\":\"ListItem\",\"position\":1,\"name\":\"Home\",\"item\":\"https:\/\/luxed.freevision.me\/agency\/\"},{\"@type\":\"ListItem\",\"position\":2,\"name\":\"Contact us\"}]},{\"@type\":\"WebSite\",\"@id\":\"https:\/\/luxed.freevision.me\/agency\/#website\",\"url\":\"https:\/\/luxed.freevision.me\/agency\/\",\"name\":\"Agency\",\"description\":\"\",\"publisher\":{\"@id\":\"https:\/\/luxed.freevision.me\/agency\/#organization\"},\"potentialAction\":[{\"@type\":\"SearchAction\",\"target\":{\"@type\":\"EntryPoint\",\"urlTemplate\":\"https:\/\/luxed.freevision.me\/agency\/?s={search_term_string}\"},\"query-input\":{\"@type\":\"PropertyValueSpecification\",\"valueRequired\":true,\"valueName\":\"search_term_string\"}}],\"inLanguage\":\"en-US\"},{\"@type\":\"Organization\",\"@id\":\"https:\/\/luxed.freevision.me\/agency\/#organization\",\"name\":\"Agency\",\"url\":\"https:\/\/luxed.freevision.me\/agency\/\",\"logo\":{\"@type\":\"ImageObject\",\"inLanguage\":\"en-US\",\"@id\":\"https:\/\/luxed.freevision.me\/agency\/#\/schema\/logo\/image\/\",\"url\":\"https:\/\/luxed.freevision.me\/agency\/wp-content\/uploads\/sites\/9\/2024\/01\/Luxed-Agency.svg\",\"contentUrl\":\"https:\/\/luxed.freevision.me\/agency\/wp-content\/uploads\/sites\/9\/2024\/01\/Luxed-Agency.svg\",\"width\":128,\"height\":28,\"caption\":\"Agency\"},\"image\":{\"@id\":\"https:\/\/luxed.freevision.me\/agency\/#\/schema\/logo\/image\/\"}}]}<\/script>\n<!-- \/ Yoast SEO plugin. -->","yoast_head_json":{"title":"Contact us - Agency","robots":{"index":"index","follow":"follow","max-snippet":"max-snippet:-1","max-image-preview":"max-image-preview:large","max-video-preview":"max-video-preview:-1"},"canonical":"https:\/\/luxed.freevision.me\/agency\/contact-us\/","og_locale":"en_US","og_type":"article","og_title":"Contact us - Agency","og_description":"Hello. Ola. Hola. N\u01d0 h\u01ceo. Bonjour. Hall\u00e5. Ciao. Cze\u015b\u0107. . To ask a question, or just say &#8220;hello&#8221;, contact us in any convenient way. Avenue [&hellip;]","og_url":"https:\/\/luxed.freevision.me\/agency\/contact-us\/","og_site_name":"Agency","twitter_card":"summary_large_image","schema":{"@context":"https:\/\/schema.org","@graph":[{"@type":"WebPage","@id":"https:\/\/luxed.freevision.me\/agency\/contact-us\/","url":"https:\/\/luxed.freevision.me\/agency\/contact-us\/","name":"Contact us - Agency","isPartOf":{"@id":"https:\/\/luxed.freevision.me\/agency\/#website"},"datePublished":"2022-07-15T21:57:26+00:00","breadcrumb":{"@id":"https:\/\/luxed.freevision.me\/agency\/contact-us\/#breadcrumb"},"inLanguage":"en-US","potentialAction":[{"@type":"ReadAction","target":["https:\/\/luxed.freevision.me\/agency\/contact-us\/"]}]},{"@type":"BreadcrumbList","@id":"https:\/\/luxed.freevision.me\/agency\/contact-us\/#breadcrumb","itemListElement":[{"@type":"ListItem","position":1,"name":"Home","item":"https:\/\/luxed.freevision.me\/agency\/"},{"@type":"ListItem","position":2,"name":"Contact us"}]},{"@type":"WebSite","@id":"https:\/\/luxed.freevision.me\/agency\/#website","url":"https:\/\/luxed.freevision.me\/agency\/","name":"Agency","description":"","publisher":{"@id":"https:\/\/luxed.freevision.me\/agency\/#organization"},"potentialAction":[{"@type":"SearchAction","target":{"@type":"EntryPoint","urlTemplate":"https:\/\/luxed.freevision.me\/agency\/?s={search_term_string}"},"query-input":{"@type":"PropertyValueSpecification","valueRequired":true,"valueName":"search_term_string"}}],"inLanguage":"en-US"},{"@type":"Organization","@id":"https:\/\/luxed.freevision.me\/agency\/#organization","name":"Agency","url":"https:\/\/luxed.freevision.me\/agency\/","logo":{"@type":"ImageObject","inLanguage":"en-US","@id":"https:\/\/luxed.freevision.me\/agency\/#\/schema\/logo\/image\/","url":"https:\/\/luxed.freevision.me\/agency\/wp-content\/uploads\/sites\/9\/2024\/01\/Luxed-Agency.svg","contentUrl":"https:\/\/luxed.freevision.me\/agency\/wp-content\/uploads\/sites\/9\/2024\/01\/Luxed-Agency.svg","width":128,"height":28,"caption":"Agency"},"image":{"@id":"https:\/\/luxed.freevision.me\/agency\/#\/schema\/logo\/image\/"}}]}},"acf":[],"_links":{"self":[{"href":"https:\/\/luxed.freevision.me\/agency\/wp-json\/wp\/v2\/pages\/364"}],"collection":[{"href":"https:\/\/luxed.freevision.me\/agency\/wp-json\/wp\/v2\/pages"}],"about":[{"href":"https:\/\/luxed.freevision.me\/agency\/wp-json\/wp\/v2\/types\/page"}],"author":[{"embeddable":true,"href":"https:\/\/luxed.freevision.me\/agency\/wp-json\/wp\/v2\/users\/1"}],"replies":[{"embeddable":true,"href":"https:\/\/luxed.freevision.me\/agency\/wp-json\/wp\/v2\/comments?post=364"}],"version-history":[{"count":0,"href":"https:\/\/luxed.freevision.me\/agency\/wp-json\/wp\/v2\/pages\/364\/revisions"}],"wp:attachment":[{"href":"https:\/\/luxed.freevision.me\/agency\/wp-json\/wp\/v2\/media?parent=364"}],"curies":[{"name":"wp","href":"https:\/\/api.w.org\/{rel}","templated":true}]}}